{"id":109,"date":"2022-07-02T16:45:17","date_gmt":"2022-07-02T14:45:17","guid":{"rendered":"https:\/\/marchal-dany.be\/wordpress\/?page_id=109"},"modified":"2023-01-13T12:12:00","modified_gmt":"2023-01-13T11:12:00","slug":"detection-dintrusion","status":"publish","type":"page","link":"https:\/\/marchal-dany.be\/wordpress\/detection-dintrusion\/","title":{"rendered":"D\u00e9tection d&rsquo;intrusion"},"content":{"rendered":"<div class=\"wp-block-image is-style-rounded wp-duotone-rgb484848-ccc-1\">\n<figure class=\"alignleft size-medium is-resized\"><img loading=\"lazy\" decoding=\"async\" src=\"https:\/\/marchal-dany.be\/wordpress\/wp-content\/uploads\/2023\/01\/serious-firefighter-in-uniform-and-helmet-checking-2022-12-16-17-11-52-utc-300x200.png\" alt=\"\" class=\"wp-image-364\" width=\"318\" height=\"211\" srcset=\"https:\/\/marchal-dany.be\/wordpress\/wp-content\/uploads\/2023\/01\/serious-firefighter-in-uniform-and-helmet-checking-2022-12-16-17-11-52-utc-300x200.png 300w, https:\/\/marchal-dany.be\/wordpress\/wp-content\/uploads\/2023\/01\/serious-firefighter-in-uniform-and-helmet-checking-2022-12-16-17-11-52-utc-1024x683.png 1024w, https:\/\/marchal-dany.be\/wordpress\/wp-content\/uploads\/2023\/01\/serious-firefighter-in-uniform-and-helmet-checking-2022-12-16-17-11-52-utc-768x513.png 768w, https:\/\/marchal-dany.be\/wordpress\/wp-content\/uploads\/2023\/01\/serious-firefighter-in-uniform-and-helmet-checking-2022-12-16-17-11-52-utc-1140x761.png 1140w, https:\/\/marchal-dany.be\/wordpress\/wp-content\/uploads\/2023\/01\/serious-firefighter-in-uniform-and-helmet-checking-2022-12-16-17-11-52-utc-500x330.png 500w, https:\/\/marchal-dany.be\/wordpress\/wp-content\/uploads\/2023\/01\/serious-firefighter-in-uniform-and-helmet-checking-2022-12-16-17-11-52-utc.png 1500w\" sizes=\"auto, (max-width: 318px) 100vw, 318px\" \/><\/figure>\n<\/div>\n\n\n<p><strong>En r\u00e9action \u00e0 un cambriolage<\/strong>: la plupart du temps, les particuliers font appel aux services d\u2019un&nbsp;installateur d\u2019alarme agr\u00e9\u00e9&nbsp;suite \u00e0 un cambriolage ou \u00e0 une tentative d\u2019effraction.<\/p>\n\n\n\n<p>Plus qu\u2019une installation d\u2019alarme dans votre maison, <strong>Dany Marchal<\/strong> propose une int\u00e9gration avec votre domotique (quand cela est possible) et chiffre le tout dans un devis clair et sans faille.<\/p>\n\n\n\n<p>N\u2019attendez pas qu\u2019un <strong>cambriolage<\/strong> survienne \u00e0 votre domicile pour le s\u00e9curiser.<\/p>\n\n\n\n<p><strong>Un syst\u00e8me d\u2019alarme performant,<\/strong> c\u2019est un confort suppl\u00e9mentaire ce confort peut s&rsquo;\u00e9tendre \u00e0 un application qui vous permettre de monitorer votre syst\u00e8me anti intrusion en temps r\u00e9el.<\/p>\n\n\n\n<div style=\"height:56px\" aria-hidden=\"true\" class=\"wp-block-spacer\"><\/div>\n\n\n\n<h4 class=\"wp-block-heading\">COMMENT INSTALLER UN SYST\u00c8ME D\u2019ALARME DANS VOTRE HABITATION ?<\/h4>\n\n\n\n<p>Il n\u2019est jamais trop t\u00f4t ni trop tard pour penser \u00e0 l\u2019installation d\u2019une alarme \u00e0 la maison.<\/p>\n\n\n\n<p><strong>Syst\u00e8me d\u2019alarme pour nouvelle construction :&nbsp;<\/strong>si vous faites construire votre habitation, int\u00e9grez la r\u00e9flexion alarme d\u00e8s le d\u00e9but de votre projet. Cela vous permettra de r\u00e9aliser un gain de temps et d\u2019argent !<\/p>\n\n\n\n<p>Dany Marchal vous aide \u00e0 d\u00e9finir un plan de s\u00e9curisation de votre futur chez vous et pr\u00e9voir tous le c\u00e2blage n\u00e9cessaire \u00e0 votre syst\u00e8me anti intrusion.<\/p>\n\n\n\n<p>Pendant la construction, nous nous synchronisons avec les diff\u00e9rents corps de m\u00e9tier pour intervenir au moment opportun sur votre chantier. Par exemple, le menuisier pour les ch\u00e2ssis ext\u00e9rieur pour l&rsquo;installation de contact sur os ch\u00e2ssis pour vous fournir une s\u00e9curit\u00e9 optimale \u00e0 votre domicile.<\/p>\n\n\n\n<blockquote class=\"wp-block-quote is-layout-flow wp-block-quote-is-layout-flow\">\n<p>R\u00e9gime TVA pour installations d\u2019alarmes dans une nouvelle construction : 21%.<\/p>\n<\/blockquote>\n\n\n\n<p><strong>Syst\u00e8me d\u2019alarme pour habitation existante :&nbsp;<\/strong>placer un syst\u00e8me d\u2019alarme dans une habitation d\u00e9j\u00e0 existante est beaucoup plus compliqu\u00e9. <\/p>\n\n\n\n<p><strong>Dany Marchal<\/strong> ne propose pas de solution sans fils car son retour exp\u00e9rience ne satisfait pas le niveau de finition voulu. En effet, une installation sans fils se compose d&rsquo;une multitude de pile et\/ou batterie dans tous les coins de la maison qui n\u00e9cessite un entretien r\u00e9gulier qui est tr\u00e8s vite couteux en temps et en argent. <\/p>\n\n\n\n<p>Dany Marchal \u00e9tudie toujours les solutions les plus discr\u00e8tes pour \u00e9viter des travaux lourds et inesth\u00e9tiques dans votre int\u00e9rieur tout en garantissant une c\u00e2blage performant. <\/p>\n\n\n\n<blockquote class=\"wp-block-quote is-layout-flow wp-block-quote-is-layout-flow\">\n<p>R\u00e9gime TVA pour installations d\u2019alarmes dans une maison de 5 ans et plus : 6%.<\/p>\n<\/blockquote>\n","protected":false},"excerpt":{"rendered":"<p>En r\u00e9action \u00e0 un cambriolage: la plupart du temps, les particuliers font appel aux services d\u2019un&nbsp;installateur d\u2019alarme agr\u00e9\u00e9&nbsp;suite \u00e0 un cambriolage ou \u00e0 une tentative d\u2019effraction. Plus qu\u2019une installation d\u2019alarme dans votre maison, Dany Marchal propose une int\u00e9gration avec votre domotique (quand cela est possible) et chiffre le tout dans un devis clair et sans faille. N\u2019attendez pas qu\u2019un cambriolage survienne \u00e0 votre domicile pour le s\u00e9curiser. Un syst\u00e8me d\u2019alarme performant, c\u2019est un confort suppl\u00e9mentaire ce confort peut s&rsquo;\u00e9tendre \u00e0 un application qui vous permettre de monitorer votre syst\u00e8me anti intrusion en temps r\u00e9el. COMMENT INSTALLER UN SYST\u00c8ME D\u2019ALARME DANS VOTRE HABITATION ? Il n\u2019est jamais trop t\u00f4t ni trop tard pour penser \u00e0 l\u2019installation d\u2019une alarme \u00e0 la maison. Syst\u00e8me d\u2019alarme pour nouvelle construction :&nbsp;si vous faites construire votre habitation, int\u00e9grez la r\u00e9flexion alarme d\u00e8s le d\u00e9but de votre projet. Cela vous permettra de r\u00e9aliser un gain de temps et d\u2019argent ! Dany Marchal vous aide \u00e0 d\u00e9finir un plan de s\u00e9curisation de votre futur chez vous et pr\u00e9voir tous le c\u00e2blage n\u00e9cessaire \u00e0 votre syst\u00e8me anti intrusion. Pendant la construction, nous nous synchronisons avec les diff\u00e9rents corps de m\u00e9tier pour intervenir au moment opportun sur votre chantier. Par exemple, le menuisier pour les ch\u00e2ssis ext\u00e9rieur pour l&rsquo;installation de contact sur os ch\u00e2ssis pour vous fournir une s\u00e9curit\u00e9 optimale \u00e0 votre domicile. R\u00e9gime TVA pour installations d\u2019alarmes dans une nouvelle construction : 21%. Syst\u00e8me d\u2019alarme pour habitation existante :&nbsp;placer un syst\u00e8me d\u2019alarme dans une habitation d\u00e9j\u00e0 existante est beaucoup plus compliqu\u00e9. Dany Marchal ne propose pas de solution sans fils car son retour exp\u00e9rience ne satisfait pas le niveau de finition voulu. En effet, une installation sans fils se compose d&rsquo;une multitude de pile et\/ou batterie dans tous les coins de la maison qui n\u00e9cessite un entretien r\u00e9gulier qui est tr\u00e8s vite couteux en temps et en argent. Dany Marchal \u00e9tudie toujours les solutions les plus discr\u00e8tes pour \u00e9viter des travaux lourds et inesth\u00e9tiques dans votre int\u00e9rieur tout en garantissant une c\u00e2blage performant. R\u00e9gime TVA pour installations d\u2019alarmes dans une maison de 5 ans et plus : 6%.<\/p>\n","protected":false},"author":1,"featured_media":0,"parent":0,"menu_order":0,"comment_status":"closed","ping_status":"closed","template":"","meta":{"_themeisle_gutenberg_block_has_review":false,"footnotes":""},"class_list":["post-109","page","type-page","status-publish","hentry"],"_links":{"self":[{"href":"https:\/\/marchal-dany.be\/wordpress\/wp-json\/wp\/v2\/pages\/109","targetHints":{"allow":["GET"]}}],"collection":[{"href":"https:\/\/marchal-dany.be\/wordpress\/wp-json\/wp\/v2\/pages"}],"about":[{"href":"https:\/\/marchal-dany.be\/wordpress\/wp-json\/wp\/v2\/types\/page"}],"author":[{"embeddable":true,"href":"https:\/\/marchal-dany.be\/wordpress\/wp-json\/wp\/v2\/users\/1"}],"replies":[{"embeddable":true,"href":"https:\/\/marchal-dany.be\/wordpress\/wp-json\/wp\/v2\/comments?post=109"}],"version-history":[{"count":14,"href":"https:\/\/marchal-dany.be\/wordpress\/wp-json\/wp\/v2\/pages\/109\/revisions"}],"predecessor-version":[{"id":370,"href":"https:\/\/marchal-dany.be\/wordpress\/wp-json\/wp\/v2\/pages\/109\/revisions\/370"}],"wp:attachment":[{"href":"https:\/\/marchal-dany.be\/wordpress\/wp-json\/wp\/v2\/media?parent=109"}],"curies":[{"name":"wp","href":"https:\/\/api.w.org\/{rel}","templated":true}]}}