{"id":11,"date":"2022-07-02T11:39:51","date_gmt":"2022-07-02T09:39:51","guid":{"rendered":"https:\/\/marchal-dany.be\/wordpress\/?page_id=11"},"modified":"2023-01-14T18:17:38","modified_gmt":"2023-01-14T17:17:38","slug":"a-propos-de","status":"publish","type":"page","link":"https:\/\/marchal-dany.be\/wordpress\/","title":{"rendered":"\u00c0 propos de"},"content":{"rendered":"\n<p><strong>Dany Marchal<\/strong> s&rsquo;est lanc\u00e9 en <strong>2000<\/strong> avec l\u2019envie de proposer <strong>un service en \u00e9lectricit\u00e9 dans le secteur r\u00e9sidentiel<\/strong>.<\/p>\n\n\n\n<p>Dans un univers o\u00f9 la technologie \u00e9voluant constamment, <strong>Dany Marchal<\/strong> s&rsquo;est tr\u00e8s vite dirig\u00e9 vers la domotique, d&rsquo;abord via des modules d&rsquo;automatisation tel que Crouzet Automation, tr\u00e8s vite ses fonctions se sont limit\u00e9 en termes de design et d&rsquo;exp\u00e9rience utilisateur. <\/p>\n\n\n\n<p>C&rsquo;est pourquoi, <strong>Dany Marchal<\/strong> s&rsquo;est ensuite dirig\u00e9 vers d&rsquo;autre Marques de domotiques comme Bticino\/Legrand qui fournissait un niveau de finition en terme de mat\u00e9riel et en terme d&rsquo;exp\u00e9riences utilisateurs beaucoup plus pouss\u00e9es. <\/p>\n\n\n\n<p>Le monde continuant d&rsquo;\u00e9voluer encore plus rapidement, <strong>Dany Marchal<\/strong> a d\u00e9cid\u00e9 de se diriger vers une technologie beaucoup plus ouverte en int\u00e9gration offrant des millions de possibilit\u00e9s pour fournir une installation \u00e9lectrique domotique sur-mesure \u00e0 ses clients. <\/p>\n\n\n\n<p><strong>Dany Marchal<\/strong> a mis ses comp\u00e9tences et toute son \u00e9nergie \u00e0 proposer un service de qualit\u00e9 et un professionnalisme exemplaire \u00e0 ses clients pas seulement en mati\u00e8re d&rsquo;installation domotique mais \u00e9galement en mati\u00e8re de s\u00e9curit\u00e9 et de d\u00e9tection d&rsquo;intrusion, ou d\u2019installation de vid\u00e9o surveillance.<\/p>\n\n\n\n<p><\/p>\n\n\n\n<h4 class=\"wp-block-heading\">Nos Marques domotiques: <\/h4>\n\n\n\n<div class=\"wp-block-columns is-layout-flex wp-container-core-columns-is-layout-28f84493 wp-block-columns-is-layout-flex\">\n<div class=\"wp-block-column is-layout-flow wp-block-column-is-layout-flow\" style=\"flex-basis:100%\">\n<div class=\"wp-block-columns is-layout-flex wp-container-core-columns-is-layout-28f84493 wp-block-columns-is-layout-flex\">\n<div class=\"wp-block-column is-vertically-aligned-center is-layout-flow wp-block-column-is-layout-flow\">\n<figure class=\"wp-block-image size-full is-resized\"><img loading=\"lazy\" decoding=\"async\" src=\"https:\/\/marchal-dany.be\/wordpress\/wp-content\/uploads\/2023\/01\/bticino.png\" alt=\"\" class=\"wp-image-329\" width=\"100\" height=\"40\"\/><\/figure>\n<\/div>\n\n\n\n<div class=\"wp-block-column is-vertically-aligned-center is-layout-flow wp-block-column-is-layout-flow\">\n<figure class=\"wp-block-image size-medium is-resized\"><img loading=\"lazy\" decoding=\"async\" src=\"https:\/\/marchal-dany.be\/wordpress\/wp-content\/uploads\/2023\/01\/ekinex-300x90.png\" alt=\"\" class=\"wp-image-331\" width=\"150\" height=\"45\" srcset=\"https:\/\/marchal-dany.be\/wordpress\/wp-content\/uploads\/2023\/01\/ekinex-300x90.png 300w, https:\/\/marchal-dany.be\/wordpress\/wp-content\/uploads\/2023\/01\/ekinex.png 567w\" sizes=\"auto, (max-width: 150px) 100vw, 150px\" \/><\/figure>\n<\/div>\n\n\n\n<div class=\"wp-block-column is-vertically-aligned-center is-layout-flow wp-block-column-is-layout-flow\">\n<figure class=\"wp-block-image size-full is-resized\"><img loading=\"lazy\" decoding=\"async\" src=\"https:\/\/marchal-dany.be\/wordpress\/wp-content\/uploads\/2022\/07\/KNX-PARTNER.png\" alt=\"\" class=\"wp-image-187\" width=\"75\" height=\"49\"\/><\/figure>\n<\/div>\n\n\n\n<div class=\"wp-block-column is-vertically-aligned-center is-layout-flow wp-block-column-is-layout-flow\">\n<figure class=\"wp-block-image size-medium is-resized\"><img loading=\"lazy\" decoding=\"async\" src=\"https:\/\/marchal-dany.be\/wordpress\/wp-content\/uploads\/2023\/01\/vimar-300x59.png\" alt=\"\" class=\"wp-image-332\" width=\"150\" height=\"30\" srcset=\"https:\/\/marchal-dany.be\/wordpress\/wp-content\/uploads\/2023\/01\/vimar-300x59.png 300w, https:\/\/marchal-dany.be\/wordpress\/wp-content\/uploads\/2023\/01\/vimar.png 608w\" sizes=\"auto, (max-width: 150px) 100vw, 150px\" \/><\/figure>\n<\/div>\n<\/div>\n\n\n\n<p><\/p>\n\n\n\n<h4 class=\"wp-block-heading\">Nos Marques Syst\u00e8me anti intrusion:<\/h4>\n<\/div>\n<\/div>\n\n\n\n<div class=\"wp-block-columns is-layout-flex wp-container-core-columns-is-layout-28f84493 wp-block-columns-is-layout-flex\">\n<div class=\"wp-block-column is-vertically-aligned-center is-layout-flow wp-block-column-is-layout-flow\">\n<figure class=\"wp-block-image size-full is-resized\"><img loading=\"lazy\" decoding=\"async\" src=\"https:\/\/marchal-dany.be\/wordpress\/wp-content\/uploads\/2022\/07\/risco-logo.png\" alt=\"\" class=\"wp-image-189\" width=\"215\" height=\"87\"\/><\/figure>\n<\/div>\n\n\n\n<div class=\"wp-block-column is-vertically-aligned-center is-layout-flow wp-block-column-is-layout-flow\">\n<figure class=\"wp-block-image size-full is-resized\"><img loading=\"lazy\" decoding=\"async\" src=\"https:\/\/marchal-dany.be\/wordpress\/wp-content\/uploads\/2022\/07\/satel.png\" alt=\"\" class=\"wp-image-190\" width=\"150\" height=\"40\"\/><\/figure>\n<\/div>\n\n\n\n<div class=\"wp-block-column is-vertically-aligned-center is-layout-flow wp-block-column-is-layout-flow\">\n<figure class=\"wp-block-image size-medium is-resized\"><img loading=\"lazy\" decoding=\"async\" src=\"https:\/\/marchal-dany.be\/wordpress\/wp-content\/uploads\/2022\/07\/sefica-300x76.png\" alt=\"\" class=\"wp-image-191\" width=\"150\" height=\"38\" srcset=\"https:\/\/marchal-dany.be\/wordpress\/wp-content\/uploads\/2022\/07\/sefica-300x76.png 300w, https:\/\/marchal-dany.be\/wordpress\/wp-content\/uploads\/2022\/07\/sefica-1024x258.png 1024w, https:\/\/marchal-dany.be\/wordpress\/wp-content\/uploads\/2022\/07\/sefica-768x193.png 768w, https:\/\/marchal-dany.be\/wordpress\/wp-content\/uploads\/2022\/07\/sefica-1536x387.png 1536w, https:\/\/marchal-dany.be\/wordpress\/wp-content\/uploads\/2022\/07\/sefica.png 1969w\" sizes=\"auto, (max-width: 150px) 100vw, 150px\" \/><\/figure>\n<\/div>\n\n\n\n<div class=\"wp-block-column is-vertically-aligned-center is-layout-flow wp-block-column-is-layout-flow\">\n<figure class=\"wp-block-image size-full is-resized\"><img loading=\"lazy\" decoding=\"async\" src=\"https:\/\/marchal-dany.be\/wordpress\/wp-content\/uploads\/2022\/07\/security-expert.png\" alt=\"\" class=\"wp-image-192\" width=\"73\" height=\"73\"\/><\/figure>\n<\/div>\n<\/div>\n\n\n\n<lottie-player trigger=\"none\" id=\"wp-block-themeisle-blocks-lottie-bf724728\" src=\"https:\/\/marchal-dany.be\/wordpress\/wp-content\/uploads\/2023\/01\/Camionnette.json\" width=\"100%\" class=\"wp-block-themeisle-blocks-lottie ticss-fd74cb99\" autoplay loop count=\"50\" speed=\"1\" direction=\"1\" data-loop=\"true\" mode=\"normal\"><\/lottie-player>\n","protected":false},"excerpt":{"rendered":"<p>Dany Marchal s&rsquo;est lanc\u00e9 en 2000 avec l\u2019envie de proposer un service en \u00e9lectricit\u00e9 dans le secteur r\u00e9sidentiel. Dans un univers o\u00f9 la technologie \u00e9voluant constamment, Dany Marchal s&rsquo;est tr\u00e8s vite dirig\u00e9 vers la domotique, d&rsquo;abord via des modules d&rsquo;automatisation tel que Crouzet Automation, tr\u00e8s vite ses fonctions se sont limit\u00e9 en termes de design et d&rsquo;exp\u00e9rience utilisateur. C&rsquo;est pourquoi, Dany Marchal s&rsquo;est ensuite dirig\u00e9 vers d&rsquo;autre Marques de domotiques comme Bticino\/Legrand qui fournissait un niveau de finition en terme de mat\u00e9riel et en terme d&rsquo;exp\u00e9riences utilisateurs beaucoup plus pouss\u00e9es. Le monde continuant d&rsquo;\u00e9voluer encore plus rapidement, Dany Marchal a d\u00e9cid\u00e9 de se diriger vers une technologie beaucoup plus ouverte en int\u00e9gration offrant des millions de possibilit\u00e9s pour fournir une installation \u00e9lectrique domotique sur-mesure \u00e0 ses clients. Dany Marchal a mis ses comp\u00e9tences et toute son \u00e9nergie \u00e0 proposer un service de qualit\u00e9 et un professionnalisme exemplaire \u00e0 ses clients pas seulement en mati\u00e8re d&rsquo;installation domotique mais \u00e9galement en mati\u00e8re de s\u00e9curit\u00e9 et de d\u00e9tection d&rsquo;intrusion, ou d\u2019installation de vid\u00e9o surveillance. Nos Marques domotiques: Nos Marques Syst\u00e8me anti intrusion:<\/p>\n","protected":false},"author":1,"featured_media":0,"parent":0,"menu_order":0,"comment_status":"closed","ping_status":"closed","template":"","meta":{"_themeisle_gutenberg_block_has_review":false,"footnotes":""},"class_list":["post-11","page","type-page","status-publish","hentry"],"_links":{"self":[{"href":"https:\/\/marchal-dany.be\/wordpress\/wp-json\/wp\/v2\/pages\/11","targetHints":{"allow":["GET"]}}],"collection":[{"href":"https:\/\/marchal-dany.be\/wordpress\/wp-json\/wp\/v2\/pages"}],"about":[{"href":"https:\/\/marchal-dany.be\/wordpress\/wp-json\/wp\/v2\/types\/page"}],"author":[{"embeddable":true,"href":"https:\/\/marchal-dany.be\/wordpress\/wp-json\/wp\/v2\/users\/1"}],"replies":[{"embeddable":true,"href":"https:\/\/marchal-dany.be\/wordpress\/wp-json\/wp\/v2\/comments?post=11"}],"version-history":[{"count":45,"href":"https:\/\/marchal-dany.be\/wordpress\/wp-json\/wp\/v2\/pages\/11\/revisions"}],"predecessor-version":[{"id":447,"href":"https:\/\/marchal-dany.be\/wordpress\/wp-json\/wp\/v2\/pages\/11\/revisions\/447"}],"wp:attachment":[{"href":"https:\/\/marchal-dany.be\/wordpress\/wp-json\/wp\/v2\/media?parent=11"}],"curies":[{"name":"wp","href":"https:\/\/api.w.org\/{rel}","templated":true}]}}