{"id":111,"date":"2022-07-02T16:45:35","date_gmt":"2022-07-02T14:45:35","guid":{"rendered":"https:\/\/marchal-dany.be\/wordpress\/?page_id=111"},"modified":"2023-01-13T12:06:17","modified_gmt":"2023-01-13T11:06:17","slug":"video-surveillance","status":"publish","type":"page","link":"https:\/\/marchal-dany.be\/wordpress\/video-surveillance\/","title":{"rendered":"Vid\u00e9o surveillance"},"content":{"rendered":"<div class=\"wp-block-image is-style-rounded\">\n<figure class=\"alignright size-large is-resized\"><img loading=\"lazy\" decoding=\"async\" src=\"https:\/\/marchal-dany.be\/wordpress\/wp-content\/uploads\/2023\/01\/orwellian-state-2022-11-09-08-40-27-utc-1024x683.jpg\" alt=\"\" class=\"wp-image-347\" width=\"433\" height=\"289\" srcset=\"https:\/\/marchal-dany.be\/wordpress\/wp-content\/uploads\/2023\/01\/orwellian-state-2022-11-09-08-40-27-utc-1024x683.jpg 1024w, https:\/\/marchal-dany.be\/wordpress\/wp-content\/uploads\/2023\/01\/orwellian-state-2022-11-09-08-40-27-utc-300x200.jpg 300w, https:\/\/marchal-dany.be\/wordpress\/wp-content\/uploads\/2023\/01\/orwellian-state-2022-11-09-08-40-27-utc-768x512.jpg 768w, https:\/\/marchal-dany.be\/wordpress\/wp-content\/uploads\/2023\/01\/orwellian-state-2022-11-09-08-40-27-utc-1536x1024.jpg 1536w, https:\/\/marchal-dany.be\/wordpress\/wp-content\/uploads\/2023\/01\/orwellian-state-2022-11-09-08-40-27-utc-2048x1365.jpg 2048w, https:\/\/marchal-dany.be\/wordpress\/wp-content\/uploads\/2023\/01\/orwellian-state-2022-11-09-08-40-27-utc-1140x760.jpg 1140w\" sizes=\"auto, (max-width: 433px) 100vw, 433px\" \/><\/figure>\n<\/div>\n\n\n<p>Pour votre habitation et lieu de travail, obtenez une surveillance permanente. <strong>Dany Marchal<\/strong>, propose en Belgique et au Luxembourg, des solutions adapt\u00e9es pour l&rsquo;installation de cam\u00e9ras de vid\u00e9o surveillance. <\/p>\n\n\n\n<p>A partir d&rsquo;un ordinateur, une tablette ou un smartphone, un<strong> logiciel de surveillance<\/strong> vous donne la possibilit\u00e9 de garder constamment votre habitation \u00e0 l\u2019\u0153il en temps r\u00e9el, quel que soit le lieu o\u00f9 vous vous trouvez.<\/p>\n\n\n\n<p>L&rsquo;installation d&rsquo;un dispositif de <strong>vid\u00e9osurveillance<\/strong> est une solution compl\u00e9mentaire \u00e0 votre syst\u00e8me d\u2019alarme de base. Ce moyen technique r\u00e9pond a un objectif significatif, filmer et enregistrer les m\u00e9faits ou infractions ou tentatives et cela, \u00e0 distance.<\/p>\n\n\n\n<p><strong>Les cam\u00e9ras<\/strong> positionn\u00e9es dans les diff\u00e9rents locaux et pi\u00e8ces seront reli\u00e9es \u00e0 l&rsquo;enregistreur Ip. Gr\u00e2ce \u00e0 un ordinateur, smartphone ou tablette, il sera possible de vous y connecter par une interface web. Vous pourrez visionner et t\u00e9l\u00e9charger les s\u00e9quences souhait\u00e9es.<\/p>\n\n\n\n<p>Que vous soyez connect\u00e9 en wifi ou par cable RJ45, le programme offre les m\u00eames fonctionnalit\u00e9s, recherche, export, par date et heure sp\u00e9cifique en rapport avec les faits dommageables. M\u00eame s\u2019il est courant de retrouver ce type d&rsquo;\u00e9quipement dans la majorit\u00e9 des entreprises, bon nombre de particuliers y adh\u00e8rent pour leur appartement ou maison.<\/p>\n\n\n\n<p><\/p>\n","protected":false},"excerpt":{"rendered":"<p>Pour votre habitation et lieu de travail, obtenez une surveillance permanente. Dany Marchal, propose en Belgique et au Luxembourg, des solutions adapt\u00e9es pour l&rsquo;installation de cam\u00e9ras de vid\u00e9o surveillance. A partir d&rsquo;un ordinateur, une tablette ou un smartphone, un logiciel de surveillance vous donne la possibilit\u00e9 de garder constamment votre habitation \u00e0 l\u2019\u0153il en temps r\u00e9el, quel que soit le lieu o\u00f9 vous vous trouvez. L&rsquo;installation d&rsquo;un dispositif de vid\u00e9osurveillance est une solution compl\u00e9mentaire \u00e0 votre syst\u00e8me d\u2019alarme de base. Ce moyen technique r\u00e9pond a un objectif significatif, filmer et enregistrer les m\u00e9faits ou infractions ou tentatives et cela, \u00e0 distance. Les cam\u00e9ras positionn\u00e9es dans les diff\u00e9rents locaux et pi\u00e8ces seront reli\u00e9es \u00e0 l&rsquo;enregistreur Ip. Gr\u00e2ce \u00e0 un ordinateur, smartphone ou tablette, il sera possible de vous y connecter par une interface web. Vous pourrez visionner et t\u00e9l\u00e9charger les s\u00e9quences souhait\u00e9es. Que vous soyez connect\u00e9 en wifi ou par cable RJ45, le programme offre les m\u00eames fonctionnalit\u00e9s, recherche, export, par date et heure sp\u00e9cifique en rapport avec les faits dommageables. M\u00eame s\u2019il est courant de retrouver ce type d&rsquo;\u00e9quipement dans la majorit\u00e9 des entreprises, bon nombre de particuliers y adh\u00e8rent pour leur appartement ou maison.<\/p>\n","protected":false},"author":1,"featured_media":0,"parent":0,"menu_order":0,"comment_status":"closed","ping_status":"closed","template":"","meta":{"_themeisle_gutenberg_block_has_review":false,"footnotes":""},"class_list":["post-111","page","type-page","status-publish","hentry"],"_links":{"self":[{"href":"https:\/\/marchal-dany.be\/wordpress\/wp-json\/wp\/v2\/pages\/111","targetHints":{"allow":["GET"]}}],"collection":[{"href":"https:\/\/marchal-dany.be\/wordpress\/wp-json\/wp\/v2\/pages"}],"about":[{"href":"https:\/\/marchal-dany.be\/wordpress\/wp-json\/wp\/v2\/types\/page"}],"author":[{"embeddable":true,"href":"https:\/\/marchal-dany.be\/wordpress\/wp-json\/wp\/v2\/users\/1"}],"replies":[{"embeddable":true,"href":"https:\/\/marchal-dany.be\/wordpress\/wp-json\/wp\/v2\/comments?post=111"}],"version-history":[{"count":12,"href":"https:\/\/marchal-dany.be\/wordpress\/wp-json\/wp\/v2\/pages\/111\/revisions"}],"predecessor-version":[{"id":357,"href":"https:\/\/marchal-dany.be\/wordpress\/wp-json\/wp\/v2\/pages\/111\/revisions\/357"}],"wp:attachment":[{"href":"https:\/\/marchal-dany.be\/wordpress\/wp-json\/wp\/v2\/media?parent=111"}],"curies":[{"name":"wp","href":"https:\/\/api.w.org\/{rel}","templated":true}]}}