{"id":180,"date":"2022-07-02T17:40:05","date_gmt":"2022-07-02T15:40:05","guid":{"rendered":"https:\/\/marchal-dany.be\/wordpress\/?page_id=180"},"modified":"2023-01-13T10:43:19","modified_gmt":"2023-01-13T09:43:19","slug":"domotique-knx","status":"publish","type":"page","link":"https:\/\/marchal-dany.be\/wordpress\/domotique-knx\/","title":{"rendered":"Une installation domotique KNX, pour quoi faire ?"},"content":{"rendered":"<div class=\"wp-block-image\">\n<figure class=\"aligncenter size-medium is-resized\"><img loading=\"lazy\" decoding=\"async\" src=\"https:\/\/marchal-dany.be\/wordpress\/wp-content\/uploads\/2023\/01\/Techno-1-294x300.png\" alt=\"\" class=\"wp-image-251\" width=\"331\" height=\"338\" srcset=\"https:\/\/marchal-dany.be\/wordpress\/wp-content\/uploads\/2023\/01\/Techno-1-294x300.png 294w, https:\/\/marchal-dany.be\/wordpress\/wp-content\/uploads\/2023\/01\/Techno-1.png 599w\" sizes=\"auto, (max-width: 331px) 100vw, 331px\" \/><\/figure>\n<\/div>\n\n\n<h2 class=\"wp-block-heading\">Le choix de la technologie<\/h2>\n\n\n\n<div class=\"wp-block-group\"><div class=\"wp-block-group__inner-container is-layout-constrained wp-block-group-is-layout-constrained\">\n<p>Lorsque l\u2019on d\u00e9bute un projet domotique, le premier choix que l\u2019on aura \u00e0 faire est le type de technologie que l\u2019on va utiliser. Le KNX \u00e9tant un protocole ouvert regroupant plus de 200 fabriquant,&nbsp;<a href=\"http:\/\/www.knx-automation.com\/technologie-knx\/\">KNX<\/a>&nbsp;assure la p\u00e9rennit\u00e9 de l\u2019installation. <\/p>\n\n\n\n<p>Un autre point important est la structure d\u00e9centralis\u00e9e du bus&nbsp;<a href=\"http:\/\/www.knx-automation.com\/technologie-knx\/\">KNX<\/a>, chaque module poss\u00e8de sa propre intelligente, le risque d\u2019une coupure compl\u00e8te de l\u2019installation est donc tr\u00e8s limit\u00e9.<\/p>\n<\/div><\/div>\n\n\n\n<h2 class=\"wp-block-heading\">Gestion de l\u2019\u00e9clairage<\/h2>\n\n\n\n<p>Les propri\u00e9taire accordant une importance particuli\u00e8re \u00e0 la gestion de l\u2019\u00e9clairage, la commande automatique de l\u2019\u00e9clairage et la variation d\u2019intensit\u00e9 ont pris une place importante dans les installations \u00e9lectriques d&rsquo;aujourd&rsquo;hui. <\/p>\n\n\n\n<p>L\u2019intensit\u00e9 lumineuse des spots int\u00e9gr\u00e9s au plafond des pi\u00e8ces de vie, des chambres et des salles de bains peut \u00eatre vari\u00e9e depuis les boutons poussoirs situ\u00e9s \u00e0 proximit\u00e9 ou de mani\u00e8re centralis\u00e9e puis l\u2019interface de visualisation. <\/p>\n\n\n\n<p>La commande de l\u2019\u00e9clairage peut \u00eatre aussi g\u00e9r\u00e9e automatiquement par des d\u00e9tecteurs de mouvement dans les couloirs et les lieux de passage ainsi que dans les toilettes.<\/p>\n\n\n\n<h2 class=\"wp-block-heading\">Gestion du chauffage<\/h2>\n\n\n\n<p>Afin d\u2019assurer le confort thermique de la maison, chaque pi\u00e8ce est \u00e9quip\u00e9e d\u2019une sonde de temp\u00e9rature et d\u2019un thermostat num\u00e9rique. Depuis l\u2019interface de visualisation, il est ainsi possible d\u2019ajuster les consignes de temp\u00e9ratures des pi\u00e8ces de mani\u00e8re manuelle ou automatiquement suivant une programmation horaire individuelle. <\/p>\n\n\n\n<p>La salle de bain pouvant par exemple n\u2019\u00eatre chauff\u00e9e que le matin, le s\u00e9jour durant la journ\u00e9e et les chambres en fin de soir\u00e9e. Une consigne de temp\u00e9rature diff\u00e9rente est programm\u00e9e suivant le mode confort, nuit ou absent. <\/p>\n\n\n\n<p>Cette gestion du chauffage permet de rationaliser au mieux la consommation d\u2019\u00e9nergie et d\u2019obtenir le confort n\u00e9cessaire au moment voulu.<\/p>\n\n\n\n<h2 class=\"wp-block-heading\">Gestion des stores et volets<\/h2>\n\n\n\n<p>La maison est \u00e9quip\u00e9e de stores et volets \u00e9lectriques. Pas de probl\u00e8me, nous pouvons commander depuis les boutons poussoirs install\u00e9s \u00e0 proximit\u00e9s ou depuis l\u2019interface de visualisation o\u00f9 il est possible de voir la position actuelle, de les monter ou de les descendre ou encore l&rsquo;inclinaison de lamelles des stores.<\/p>\n\n\n\n<h2 class=\"wp-block-heading\">Sc\u00e9narios<\/h2>\n\n\n\n<p>Les sc\u00e9narios permettent d\u2019adapter l\u2019utilisation de votre installation \u00e0 l\u2019activit\u00e9 que vous r\u00e9alisez. En quittant le domicile, un appui sur la touche \u00ab&nbsp;absent&nbsp;\u00bb coupera l\u2019ensemble de l\u2019\u00e9clairage et les prises non utilis\u00e9es afin d\u2019\u00e9viter les oublis et de limiter la consommation d\u2019\u00e9nergie. <\/p>\n\n\n\n<p>De m\u00eame l\u2019appui sur le bouton \u00ab&nbsp;nuit&nbsp;\u00bb veillera \u00e0 ce que l\u2019ensemble des prises et de l\u2019\u00e9clairage du rez-de-chauss\u00e9e soient coup\u00e9s par exemple. <\/p>\n\n\n\n<p>Un bouton panique plac\u00e9 \u00e0 c\u00f4t\u00e9 du lit permet d\u2019allumer l\u2019\u00e9clairage int\u00e9rieur et ext\u00e9rieur de la maison et \u00e9ventuellement d\u2019activit\u00e9 le syst\u00e8me d\u2019alarme.<\/p>\n\n\n\n<h2 class=\"wp-block-heading\">Le tableau \u00e9lectrique<\/h2>\n\n\n\n<p>Le tableau \u00e9lectrique r\u00e9alis\u00e9 doit pouvoir int\u00e9grer l\u2019ensemble du mat\u00e9riel permettant la commande de l\u2019installation domotique mais \u00e9galement laisser suffisamment d\u2019espace pour inclure les composants r\u00e9seaux et multim\u00e9dia de la maison qui seront plac\u00e9 dans un coffret r\u00e9seau d\u00e9di\u00e9.<\/p>\n\n\n\n<h2 class=\"wp-block-heading\">Des boutons poussoirs intelligents<\/h2>\n\n\n\n<p>Dans une installation KNX, le choix des boutons poussoirs ne se limite pas \u00e0 l\u2019esth\u00e9tique, chaque bouton sera connect\u00e9 au bus KNX par l\u2019interm\u00e9diaire d\u2019une interface de bus int\u00e9gr\u00e9.<\/p>\n\n\n\n<p>Il existe des milliers d&rsquo;interupteurs KNX disponible sur le march\u00e9. Les marques principales que nous utilisons sont <strong><a rel=\"noreferrer noopener\" href=\"https:\/\/www.ekinex.com\/fr\/\" data-type=\"URL\" data-id=\"https:\/\/www.ekinex.com\/fr\/\" target=\"_blank\">Ekinex<\/a><\/strong>, <strong><a rel=\"noreferrer noopener\" href=\"https:\/\/www.legrand.be\/fr\/produits\/smart-building\/knx\" data-type=\"URL\" data-id=\"https:\/\/www.legrand.be\/fr\/produits\/smart-building\/knx\" target=\"_blank\">Legrand<\/a><\/strong> ou encore <strong><a rel=\"noreferrer noopener\" href=\"https:\/\/www.vimar.com\/fr\/int\" data-type=\"URL\" data-id=\"https:\/\/www.vimar.com\/fr\/int\" target=\"_blank\">Vimar<\/a><\/strong>.<\/p>\n\n\n\n<p>La mani\u00e8re dont on pourra utiliser les boutons d\u00e9pend des fonctions pr\u00e9vues dans cette interface, et cela varie d\u2019un mod\u00e8le \u00e0 l\u2019autre. Il est donc important de choisir un mod\u00e8le permettant de r\u00e9aliser les fonctions souhait\u00e9es. <\/p>\n\n\n\n<h2 class=\"wp-block-heading\">Gestion centralis\u00e9e<\/h2>\n\n\n\n<p>Une gestion centralis\u00e9e peut \u00eatre \u00e9galement ajout\u00e9 dans votre installation domotique. Cette gestion vous permettra de disposer d&rsquo;un application smartphone vous permettant de contr\u00f4ler l&rsquo;enti\u00e8ret\u00e9 de votre installation domotique, chauffage et volet depuis cette application. <\/p>\n\n\n\n<p>Il existe plusieurs forme d&rsquo;application, des basiques qui ne sont pas enti\u00e8rement personnalisables mais vous pouvez aussi avoir des application enti\u00e8rement personnalisable celle-ci demande beaucoup plus de temps de configuration et n\u00e9cessite beaucoup plus de comp\u00e9tence de mise en \u0153uvre. <\/p>\n\n\n\n<p>Les marques principales que nous utilisons sont <strong><a rel=\"noreferrer noopener\" href=\"https:\/\/knx.iridi.com\/home_server\/\" data-type=\"URL\" data-id=\"https:\/\/knx.iridi.com\/home_server\/\" target=\"_blank\">iRidium<\/a><\/strong> ou encore <strong><a rel=\"noreferrer noopener\" href=\"https:\/\/www.ekinex.com\/fr\/delego\/delego-home.html\" data-type=\"URL\" data-id=\"https:\/\/www.ekinex.com\/fr\/delego\/delego-home.html\" target=\"_blank\">Delego<\/a><\/strong> pour une personalisation encore plus compl\u00e8te, le client pourra d\u00e9velopper lui m\u00eame s&rsquo;il le souhaite via par exemple <strong><a rel=\"noreferrer noopener\" href=\"https:\/\/www.home-assistant.io\/\" data-type=\"URL\" data-id=\"https:\/\/www.home-assistant.io\/\" target=\"_blank\">Home Assistant<\/a><\/strong><\/p>\n","protected":false},"excerpt":{"rendered":"<p>Le choix de la technologie Lorsque l\u2019on d\u00e9bute un projet domotique, le premier choix que l\u2019on aura \u00e0 faire est le type de technologie que l\u2019on va utiliser. Le KNX \u00e9tant un protocole ouvert regroupant plus de 200 fabriquant,&nbsp;KNX&nbsp;assure la p\u00e9rennit\u00e9 de l\u2019installation. Un autre point important est la structure d\u00e9centralis\u00e9e du bus&nbsp;KNX, chaque module poss\u00e8de sa propre intelligente, le risque d\u2019une coupure compl\u00e8te de l\u2019installation est donc tr\u00e8s limit\u00e9. Gestion de l\u2019\u00e9clairage Les propri\u00e9taire accordant une importance particuli\u00e8re \u00e0 la gestion de l\u2019\u00e9clairage, la commande automatique de l\u2019\u00e9clairage et la variation d\u2019intensit\u00e9 ont pris une place importante dans les installations \u00e9lectriques d&rsquo;aujourd&rsquo;hui. L\u2019intensit\u00e9 lumineuse des spots int\u00e9gr\u00e9s au plafond des pi\u00e8ces de vie, des chambres et des salles de bains peut \u00eatre vari\u00e9e depuis les boutons poussoirs situ\u00e9s \u00e0 proximit\u00e9 ou de mani\u00e8re centralis\u00e9e puis l\u2019interface de visualisation. La commande de l\u2019\u00e9clairage peut \u00eatre aussi g\u00e9r\u00e9e automatiquement par des d\u00e9tecteurs de mouvement dans les couloirs et les lieux de passage ainsi que dans les toilettes. Gestion du chauffage Afin d\u2019assurer le confort thermique de la maison, chaque pi\u00e8ce est \u00e9quip\u00e9e d\u2019une sonde de temp\u00e9rature et d\u2019un thermostat num\u00e9rique. Depuis l\u2019interface de visualisation, il est ainsi possible d\u2019ajuster les consignes de temp\u00e9ratures des pi\u00e8ces de mani\u00e8re manuelle ou automatiquement suivant une programmation horaire individuelle. La salle de bain pouvant par exemple n\u2019\u00eatre chauff\u00e9e que le matin, le s\u00e9jour durant la journ\u00e9e et les chambres en fin de soir\u00e9e. Une consigne de temp\u00e9rature diff\u00e9rente est programm\u00e9e suivant le mode confort, nuit ou absent. Cette gestion du chauffage permet de rationaliser au mieux la consommation d\u2019\u00e9nergie et d\u2019obtenir le confort n\u00e9cessaire au moment voulu. Gestion des stores et volets La maison est \u00e9quip\u00e9e de stores et volets \u00e9lectriques. Pas de probl\u00e8me, nous pouvons commander depuis les boutons poussoirs install\u00e9s \u00e0 proximit\u00e9s ou depuis l\u2019interface de visualisation o\u00f9 il est possible de voir la position actuelle, de les monter ou de les descendre ou encore l&rsquo;inclinaison de lamelles des stores. Sc\u00e9narios Les sc\u00e9narios permettent d\u2019adapter l\u2019utilisation de votre installation \u00e0 l\u2019activit\u00e9 que vous r\u00e9alisez. En quittant le domicile, un appui sur la touche \u00ab&nbsp;absent&nbsp;\u00bb coupera l\u2019ensemble de l\u2019\u00e9clairage et les prises non utilis\u00e9es afin d\u2019\u00e9viter les oublis et de limiter la consommation d\u2019\u00e9nergie. De m\u00eame l\u2019appui sur le bouton \u00ab&nbsp;nuit&nbsp;\u00bb veillera \u00e0 ce que l\u2019ensemble des prises et de l\u2019\u00e9clairage du rez-de-chauss\u00e9e soient coup\u00e9s par exemple. Un bouton panique plac\u00e9 \u00e0 c\u00f4t\u00e9 du lit permet d\u2019allumer l\u2019\u00e9clairage int\u00e9rieur et ext\u00e9rieur de la maison et \u00e9ventuellement d\u2019activit\u00e9 le syst\u00e8me d\u2019alarme. Le tableau \u00e9lectrique Le tableau \u00e9lectrique r\u00e9alis\u00e9 doit pouvoir int\u00e9grer l\u2019ensemble du mat\u00e9riel permettant la commande de l\u2019installation domotique mais \u00e9galement laisser suffisamment d\u2019espace pour inclure les composants r\u00e9seaux et multim\u00e9dia de la maison qui seront plac\u00e9 dans un coffret r\u00e9seau d\u00e9di\u00e9. Des boutons poussoirs intelligents Dans une installation KNX, le choix des boutons poussoirs ne se limite pas \u00e0 l\u2019esth\u00e9tique, chaque bouton sera connect\u00e9 au bus KNX par l\u2019interm\u00e9diaire d\u2019une interface de bus int\u00e9gr\u00e9. Il existe des milliers d&rsquo;interupteurs KNX disponible sur le march\u00e9. Les marques principales que nous utilisons sont Ekinex, Legrand ou encore Vimar. La mani\u00e8re dont on pourra utiliser les boutons d\u00e9pend des fonctions pr\u00e9vues dans cette interface, et cela varie d\u2019un mod\u00e8le \u00e0 l\u2019autre. Il est donc important de choisir un mod\u00e8le permettant de r\u00e9aliser les fonctions souhait\u00e9es. Gestion centralis\u00e9e Une gestion centralis\u00e9e peut \u00eatre \u00e9galement ajout\u00e9 dans votre installation domotique. Cette gestion vous permettra de disposer d&rsquo;un application smartphone vous permettant de contr\u00f4ler l&rsquo;enti\u00e8ret\u00e9 de votre installation domotique, chauffage et volet depuis cette application. Il existe plusieurs forme d&rsquo;application, des basiques qui ne sont pas enti\u00e8rement personnalisables mais vous pouvez aussi avoir des application enti\u00e8rement personnalisable celle-ci demande beaucoup plus de temps de configuration et n\u00e9cessite beaucoup plus de comp\u00e9tence de mise en \u0153uvre. Les marques principales que nous utilisons sont iRidium ou encore Delego pour une personalisation encore plus compl\u00e8te, le client pourra d\u00e9velopper lui m\u00eame s&rsquo;il le souhaite via par exemple Home Assistant<\/p>\n","protected":false},"author":1,"featured_media":0,"parent":0,"menu_order":0,"comment_status":"closed","ping_status":"closed","template":"","meta":{"_themeisle_gutenberg_block_has_review":false,"footnotes":""},"class_list":["post-180","page","type-page","status-publish","hentry"],"_links":{"self":[{"href":"https:\/\/marchal-dany.be\/wordpress\/wp-json\/wp\/v2\/pages\/180","targetHints":{"allow":["GET"]}}],"collection":[{"href":"https:\/\/marchal-dany.be\/wordpress\/wp-json\/wp\/v2\/pages"}],"about":[{"href":"https:\/\/marchal-dany.be\/wordpress\/wp-json\/wp\/v2\/types\/page"}],"author":[{"embeddable":true,"href":"https:\/\/marchal-dany.be\/wordpress\/wp-json\/wp\/v2\/users\/1"}],"replies":[{"embeddable":true,"href":"https:\/\/marchal-dany.be\/wordpress\/wp-json\/wp\/v2\/comments?post=180"}],"version-history":[{"count":6,"href":"https:\/\/marchal-dany.be\/wordpress\/wp-json\/wp\/v2\/pages\/180\/revisions"}],"predecessor-version":[{"id":283,"href":"https:\/\/marchal-dany.be\/wordpress\/wp-json\/wp\/v2\/pages\/180\/revisions\/283"}],"wp:attachment":[{"href":"https:\/\/marchal-dany.be\/wordpress\/wp-json\/wp\/v2\/media?parent=180"}],"curies":[{"name":"wp","href":"https:\/\/api.w.org\/{rel}","templated":true}]}}